{"id":8,"date":"2023-03-31T09:25:33","date_gmt":"2023-03-31T09:25:33","guid":{"rendered":"http:\/\/www.gabinetosobowosci.pl\/?page_id=8"},"modified":"2023-10-12T07:03:41","modified_gmt":"2023-10-12T07:03:41","slug":"strona-glowna","status":"publish","type":"page","link":"https:\/\/www.gabinetosobowosci.pl\/","title":{"rendered":"Gabinet Osobowo\u015bci"},"content":{"rendered":"\r\n<h2 class=\"wp-block-heading\">&#8222;GO&#8221; &#8211; Terapie Rozwojowe<\/h2>\r\n\r\n\r\n\r\n<p>Witam serdecznie. To miejsce \u0142\u0105czy moje kompetencje z pasj\u0105 rozwijania cz\u0142owieka poprzez unikalne, zaprojektowane specjalnie dla Ciebie procesy rozwojowe. To miejsce powstawania i realizowania autorskich terapii. Nie ma skutecznej terapii bez relacji i budowania \u015bwiadomo\u015bci siebie. Holistyczne podej\u015bcie do funkcjonowania cz\u0142owieka pozwala skutecznie diagnozowa\u0107 i osi\u0105ga\u0107 rozwojowe cele. Zapraszam. &#8211; Przemys\u0142aw Wojnarowski.<\/p>\r\n","protected":false},"excerpt":{"rendered":"<p>&#8222;GO&#8221; &#8211; Terapie Rozwojowe Witam serdecznie. To miejsce \u0142\u0105czy moje kompetencje z pasj\u0105 rozwijania cz\u0142owieka poprzez unikalne, zaprojektowane specjalnie dla Ciebie procesy rozwojowe. To miejsce powstawania i realizowania autorskich terapii. Nie ma skutecznej terapii bez relacji i budowania \u015bwiadomo\u015bci siebie. Holistyczne podej\u015bcie do funkcjonowania cz\u0142owieka pozwala skutecznie diagnozowa\u0107 i osi\u0105ga\u0107 rozwojowe cele. Zapraszam. &#8211; Przemys\u0142aw &hellip; <\/p>\n","protected":false},"author":1,"featured_media":0,"parent":0,"menu_order":0,"comment_status":"closed","ping_status":"closed","template":"","meta":{"footnotes":""},"class_list":["post-8","page","type-page","status-publish","hentry"],"_links":{"self":[{"href":"https:\/\/www.gabinetosobowosci.pl\/index.php\/wp-json\/wp\/v2\/pages\/8","targetHints":{"allow":["GET"]}}],"collection":[{"href":"https:\/\/www.gabinetosobowosci.pl\/index.php\/wp-json\/wp\/v2\/pages"}],"about":[{"href":"https:\/\/www.gabinetosobowosci.pl\/index.php\/wp-json\/wp\/v2\/types\/page"}],"author":[{"embeddable":true,"href":"https:\/\/www.gabinetosobowosci.pl\/index.php\/wp-json\/wp\/v2\/users\/1"}],"replies":[{"embeddable":true,"href":"https:\/\/www.gabinetosobowosci.pl\/index.php\/wp-json\/wp\/v2\/comments?post=8"}],"version-history":[{"count":7,"href":"https:\/\/www.gabinetosobowosci.pl\/index.php\/wp-json\/wp\/v2\/pages\/8\/revisions"}],"predecessor-version":[{"id":168,"href":"https:\/\/www.gabinetosobowosci.pl\/index.php\/wp-json\/wp\/v2\/pages\/8\/revisions\/168"}],"wp:attachment":[{"href":"https:\/\/www.gabinetosobowosci.pl\/index.php\/wp-json\/wp\/v2\/media?parent=8"}],"curies":[{"name":"wp","href":"https:\/\/api.w.org\/{rel}","templated":true}]}}